{"id":4644,"date":"2025-09-12T12:25:36","date_gmt":"2025-09-12T12:25:36","guid":{"rendered":"https:\/\/www.savonlinnantaitoluistelijat.fi\/?page_id=4644"},"modified":"2025-10-18T18:22:25","modified_gmt":"2025-10-18T18:22:25","slug":"satun-syysluistelut-2","status":"publish","type":"page","link":"https:\/\/www.savonlinnantaitoluistelijat.fi\/?page_id=4644","title":{"rendered":"SaTun Syysluistelut 18.10.2025"},"content":{"rendered":"\n<h4 class=\"wp-block-heading\">\u26f8\u2b50\ufe0fSavonlinnan Taitoluistelijat j\u00e4rjest\u00e4\u00e4 18.10.2025 Talvisalon j\u00e4\u00e4hallissa t\u00e4htisarjojen kutsukilpailun SaTun Syysluistelut&nbsp;\u26f8\u2b50\ufe0f<\/h4>\n\n\n\n<figure class=\"wp-block-image size-large\"><a href=\"https:\/\/www.savonlinnantaitoluistelijat.fi\/wp-admin\/post.php?post=4644&amp;action=edit\"><img loading=\"lazy\" decoding=\"async\" width=\"819\" height=\"1024\" src=\"http:\/\/www.savonlinnantaitoluistelijat.fi\/wp-content\/uploads\/2025\/09\/SaTun-syysluistelut-Instagram-819x1024.png\" alt=\"\" class=\"wp-image-4659\" srcset=\"https:\/\/www.savonlinnantaitoluistelijat.fi\/wp-content\/uploads\/2025\/09\/SaTun-syysluistelut-Instagram-819x1024.png 819w, https:\/\/www.savonlinnantaitoluistelijat.fi\/wp-content\/uploads\/2025\/09\/SaTun-syysluistelut-Instagram-240x300.png 240w, https:\/\/www.savonlinnantaitoluistelijat.fi\/wp-content\/uploads\/2025\/09\/SaTun-syysluistelut-Instagram-768x960.png 768w, https:\/\/www.savonlinnantaitoluistelijat.fi\/wp-content\/uploads\/2025\/09\/SaTun-syysluistelut-Instagram.png 1080w\" sizes=\"auto, (max-width: 819px) 100vw, 819px\" \/><\/a><\/figure>\n\n\n\n<p><strong>Aika:<\/strong>&nbsp;Lauantai 18.10.2025<\/p>\n\n\n\n<p><strong>Paikka:<\/strong>&nbsp;Talvisalon j\u00e4\u00e4halli, Mediatili Areena, Savontie 3, 57100 Savonlinna<\/p>\n\n\n\n<p><strong>Alustava aikataulu:<\/strong>&nbsp;9.00-20.15<\/p>\n\n\n\n<h3 class=\"wp-block-heading\"><a href=\"http:\/\/www.savonlinnantaitoluistelijat.fi\/wp-content\/uploads\/2025\/09\/SaTun-Syysluistelut-18.10.2025-1.pdf\">Kilpailukutsu<\/a><\/h3>\n\n\n\n<h3 class=\"wp-block-heading\"><a href=\"http:\/\/www.savonlinnantaitoluistelijat.fi\/wp-content\/uploads\/2025\/09\/Kilpailuvahvistus-SaTun-Syysluistelut-18.10.2025.pdf\">Kilpailuvahvistus<\/a><\/h3>\n\n\n\n<h3 class=\"wp-block-heading\"><a href=\"http:\/\/www.savonlinnantaitoluistelijat.fi\/wp-content\/uploads\/2025\/10\/Paivitetty-osallistujalista_18.10.2025.pdf\">Osallistujalista (p\u00e4ivitetty 11.10.2025)<\/a><\/h3>\n\n\n\n<h3 class=\"wp-block-heading\"><a href=\"http:\/\/www.savonlinnantaitoluistelijat.fi\/wp-content\/uploads\/2025\/10\/Luistelujarjestys_Syysluistelut-18.10.2025.pdf\">Luisteluj\u00e4rjestys (p\u00e4ivitetty 11.10.2025)<\/a><\/h3>\n\n\n\n<h3 class=\"wp-block-heading\"><a href=\"http:\/\/www.savonlinnantaitoluistelijat.fi\/wp-content\/uploads\/2025\/10\/AIKATAULU-JA-VERKKARYHMAT-Syysluistelut-18.10.2025.pdf\">Aikataulu ja verryttelyryhm\u00e4t (p\u00e4ivitetty 17.10.2025)<\/a><\/h3>\n\n\n\n<h3 class=\"wp-block-heading\"><a href=\"http:\/\/www.savonlinnantaitoluistelijat.fi\/wp-content\/uploads\/2025\/09\/251017-19-Savonlinnan-Taitoluistelijat.pdf\">Majoitustarjous<\/a><\/h3>\n\n\n\n<h3 class=\"wp-block-heading\">Tulokset<\/h3>\n\n\n\n<h6 class=\"wp-block-heading\"><a href=\"http:\/\/www.savonlinnantaitoluistelijat.fi\/wp-content\/uploads\/2025\/10\/Print-Laajennettu-tahtiarviointi-printtaus_B-silmut.pdf\">B-Silmut<\/a><\/h6>\n\n\n\n<h6 class=\"wp-block-heading\"><a href=\"http:\/\/www.savonlinnantaitoluistelijat.fi\/wp-content\/uploads\/2025\/10\/Tuomareille-sijoitusjarjestys.pdf\">Taitajat ei Axel<\/a><\/h6>\n\n\n\n<h6 class=\"wp-block-heading\"><a href=\"http:\/\/www.savonlinnantaitoluistelijat.fi\/wp-content\/uploads\/2025\/10\/Sijoitukset.pdf\">Taitajat Axel<\/a><\/h6>\n\n\n\n<h6 class=\"wp-block-heading\"><a href=\"http:\/\/www.savonlinnantaitoluistelijat.fi\/wp-content\/uploads\/2025\/10\/Sijotuisjarjestys.pdf\">Minit (nuoremmat)<\/a><\/h6>\n\n\n\n<h6 class=\"wp-block-heading\"><a href=\"http:\/\/www.savonlinnantaitoluistelijat.fi\/wp-content\/uploads\/2025\/10\/Sijoitukset-2-1.pdf\">Minit (vanhemmat)<\/a><\/h6>\n\n\n\n<h6 class=\"wp-block-heading\"><a href=\"http:\/\/www.savonlinnantaitoluistelijat.fi\/wp-content\/uploads\/2025\/10\/Sijoitus.pdf\">Tintit<\/a><\/h6>\n\n\n\n<h6 class=\"wp-block-heading\"><a href=\"http:\/\/www.savonlinnantaitoluistelijat.fi\/wp-content\/uploads\/2025\/10\/Sijoitukset-3.pdf\">T\u00e4htisilmut<\/a><\/h6>\n\n\n\n<h6 class=\"wp-block-heading\"><a href=\"http:\/\/www.savonlinnantaitoluistelijat.fi\/wp-content\/uploads\/2025\/10\/Sijoitus-1.pdf\">T\u00e4htijuniorit<\/a><\/h6>\n\n\n\n<h6 class=\"wp-block-heading\"><a href=\"http:\/\/www.savonlinnantaitoluistelijat.fi\/wp-content\/uploads\/2025\/10\/Laajennettu-tahtiarviointi-printtaus_Tahtidebytantitt.pdf\">T\u00e4htidebytantit<\/a><\/h6>\n\n\n\n<h6 class=\"wp-block-heading\"><a href=\"http:\/\/www.savonlinnantaitoluistelijat.fi\/wp-content\/uploads\/2025\/10\/Sijoitukset-4.pdf\">T\u00e4htinoviisit<\/a><\/h6>\n\n\n\n<p>Syysluisteluja voi seurata my\u00f6s<a href=\"https:\/\/www.sportwaylive.fi\/fi\/game\/68e8b2f7e14bd1ca73a591d4\">&nbsp;livestriimin\u00e4<\/a>. Kisap\u00e4iv\u00e4n l\u00e4hetyksen katseluoikeus maksaa 7,99 \u20ac. L\u00e4hetys j\u00e4\u00e4 palveluun my\u00f6s j\u00e4lkik\u00e4teen katsottavaksi. Sportway:n support-osoite asiakkaille (ongelmat tai kysymykset striimin k\u00e4yt\u00f6st\u00e4):&nbsp;<a href=\"mailto:info@sportway.fi\">info@sportway.fi<\/a>  <\/p>\n\n\n\n<p>Sportwaylive.fi:n taitoluisteluosiosta l\u00f6ytyv\u00e4t kaikki kilpailut kootusti:&nbsp;<a href=\"https:\/\/www.sportwaylive.fi\/fi\/content\/figure-skating\" target=\"_blank\" rel=\"noreferrer noopener\">https:\/\/www.sportwaylive.fi\/fi\/content\/figure-skating<\/a>&nbsp;<\/p>\n\n\n\n<figure class=\"wp-block-image size-large is-resized\"><img loading=\"lazy\" decoding=\"async\" width=\"819\" height=\"1024\" src=\"http:\/\/www.savonlinnantaitoluistelijat.fi\/wp-content\/uploads\/2025\/10\/IMG-20251011-WA0002-819x1024.jpg\" alt=\"\" class=\"wp-image-4750\" style=\"width:840px;height:auto\" srcset=\"https:\/\/www.savonlinnantaitoluistelijat.fi\/wp-content\/uploads\/2025\/10\/IMG-20251011-WA0002-819x1024.jpg 819w, https:\/\/www.savonlinnantaitoluistelijat.fi\/wp-content\/uploads\/2025\/10\/IMG-20251011-WA0002-240x300.jpg 240w, https:\/\/www.savonlinnantaitoluistelijat.fi\/wp-content\/uploads\/2025\/10\/IMG-20251011-WA0002-768x960.jpg 768w, https:\/\/www.savonlinnantaitoluistelijat.fi\/wp-content\/uploads\/2025\/10\/IMG-20251011-WA0002.jpg 1080w\" sizes=\"auto, (max-width: 819px) 100vw, 819px\" \/><\/figure>\n\n\n\n<figure class=\"wp-block-image size-large\"><img loading=\"lazy\" decoding=\"async\" width=\"1024\" height=\"1024\" src=\"https:\/\/www.savonlinnantaitoluistelijat.fi\/wp-content\/uploads\/2025\/09\/Pure-Ice-mukana-kilpailuissa-1024x1024.jpg\" alt=\"\" class=\"wp-image-4687\" srcset=\"https:\/\/www.savonlinnantaitoluistelijat.fi\/wp-content\/uploads\/2025\/09\/Pure-Ice-mukana-kilpailuissa-1024x1024.jpg 1024w, https:\/\/www.savonlinnantaitoluistelijat.fi\/wp-content\/uploads\/2025\/09\/Pure-Ice-mukana-kilpailuissa-300x300.jpg 300w, https:\/\/www.savonlinnantaitoluistelijat.fi\/wp-content\/uploads\/2025\/09\/Pure-Ice-mukana-kilpailuissa-150x150.jpg 150w, https:\/\/www.savonlinnantaitoluistelijat.fi\/wp-content\/uploads\/2025\/09\/Pure-Ice-mukana-kilpailuissa-768x768.jpg 768w, https:\/\/www.savonlinnantaitoluistelijat.fi\/wp-content\/uploads\/2025\/09\/Pure-Ice-mukana-kilpailuissa-1536x1536.jpg 1536w, https:\/\/www.savonlinnantaitoluistelijat.fi\/wp-content\/uploads\/2025\/09\/Pure-Ice-mukana-kilpailuissa-2048x2048.jpg 2048w, https:\/\/www.savonlinnantaitoluistelijat.fi\/wp-content\/uploads\/2025\/09\/Pure-Ice-mukana-kilpailuissa-1600x1600.jpg 1600w\" sizes=\"auto, (max-width: 1024px) 100vw, 1024px\" \/><\/figure>\n\n\n\n<p><strong>Lis\u00e4tiedot:<\/strong><\/p>\n\n\n\n<p>Kilpailunjohtaja Katriina Jekunen<br>katriina.jekunen@gmail.com<br>puh. 044 298 6201<\/p>\n\n\n\n<p><strong>Savonlinnan Taitoluistelijat kiitt\u00e4v\u00e4t l\u00e4mpim\u00e4sti SaTun Syysluisteluiden sponsoreita: K-Supermarket Ev\u00e4skellari, Subway Savonlinna, K-Market Kimmo Kaksonen, Leipomo Laurikainen sek\u00e4 Joros Oy.<\/strong> <\/p>\n\n\n\n<p><\/p>\n","protected":false},"excerpt":{"rendered":"<p>\u26f8\u2b50\ufe0fSavonlinnan Taitoluistelijat j\u00e4rjest\u00e4\u00e4 18.10.2025 Talvisalon j\u00e4\u00e4hallissa t\u00e4htisarjojen kutsukilpailun SaTun Syysluistelut&nbsp;\u26f8\u2b50\ufe0f Aika:&nbsp;Lauantai 18.10.2025 Paikka:&nbsp;Talvisalon j\u00e4\u00e4halli, Mediatili Areena, Savontie 3, 57100 Savonlinna&hellip;<\/p>\n","protected":false},"author":1,"featured_media":0,"parent":0,"menu_order":0,"comment_status":"closed","ping_status":"closed","template":"","meta":{"footnotes":""},"class_list":["post-4644","page","type-page","status-publish","hentry"],"_links":{"self":[{"href":"https:\/\/www.savonlinnantaitoluistelijat.fi\/index.php?rest_route=\/wp\/v2\/pages\/4644","targetHints":{"allow":["GET"]}}],"collection":[{"href":"https:\/\/www.savonlinnantaitoluistelijat.fi\/index.php?rest_route=\/wp\/v2\/pages"}],"about":[{"href":"https:\/\/www.savonlinnantaitoluistelijat.fi\/index.php?rest_route=\/wp\/v2\/types\/page"}],"author":[{"embeddable":true,"href":"https:\/\/www.savonlinnantaitoluistelijat.fi\/index.php?rest_route=\/wp\/v2\/users\/1"}],"replies":[{"embeddable":true,"href":"https:\/\/www.savonlinnantaitoluistelijat.fi\/index.php?rest_route=%2Fwp%2Fv2%2Fcomments&post=4644"}],"version-history":[{"count":68,"href":"https:\/\/www.savonlinnantaitoluistelijat.fi\/index.php?rest_route=\/wp\/v2\/pages\/4644\/revisions"}],"predecessor-version":[{"id":4824,"href":"https:\/\/www.savonlinnantaitoluistelijat.fi\/index.php?rest_route=\/wp\/v2\/pages\/4644\/revisions\/4824"}],"wp:attachment":[{"href":"https:\/\/www.savonlinnantaitoluistelijat.fi\/index.php?rest_route=%2Fwp%2Fv2%2Fmedia&parent=4644"}],"curies":[{"name":"wp","href":"https:\/\/api.w.org\/{rel}","templated":true}]}}